{"id":4370,"date":"2025-02-20T20:59:38","date_gmt":"2025-02-21T02:59:38","guid":{"rendered":"https:\/\/hortalicerosdecuscatlan.com\/?post_type=product&#038;p=4370"},"modified":"2025-12-06T13:43:32","modified_gmt":"2025-12-06T19:43:32","slug":"tomate-ensalada-red-2-libras","status":"publish","type":"product","link":"https:\/\/hortalicerosdecuscatlan.com\/en\/product\/tomate-ensalada-red-2-libras\/","title":{"rendered":"Tomate ensalada red (2 libras)"},"content":{"rendered":"<div class=\"woocommerce-product-details__short-description\">\n<p>Este producto y otros con <strong>venta al detalle<\/strong>, cuenta solo con <strong>env\u00edo gratuito<\/strong> por compras con <strong>monto m\u00ednimo de $20.00<\/strong><\/p>\n<\/div>","protected":false},"excerpt":{"rendered":"<div class=\"woocommerce-product-details__short-description\">\n<p>Este producto y otros con <strong>venta al detalle<\/strong>, cuenta solo con <strong>env\u00edo gratuito<\/strong> por compras con <strong>monto m\u00ednimo de $20.00<\/strong><\/p>\n<\/div>","protected":false},"featured_media":468,"comment_status":"open","ping_status":"closed","template":"","meta":{"_joinchat":[]},"product_brand":[],"product_cat":[99,101,100],"product_tag":[],"class_list":{"0":"post-4370","1":"product","2":"type-product","3":"status-publish","4":"has-post-thumbnail","6":"product_cat-hortalizas","7":"product_cat-venta-al-detalle","8":"product_cat-verduras","9":"product_shipping_class-venta-detalle","11":"first","12":"instock","13":"taxable","14":"shipping-taxable","15":"purchasable","16":"product-type-simple"},"yoast_head":"<!-- This site is optimized with the Yoast SEO plugin v26.9 - https:\/\/yoast.com\/product\/yoast-seo-wordpress\/ -->\n<title>Tomate ensalada red (2 libras) - Hortaliceros de Cuscatl\u00e1n<\/title>\n<meta name=\"robots\" content=\"index, follow, max-snippet:-1, max-image-preview:large, max-video-preview:-1\" \/>\n<link rel=\"canonical\" href=\"https:\/\/hortalicerosdecuscatlan.com\/en\/product\/tomate-ensalada-red-2-libras\/\" \/>\n<meta property=\"og:locale\" content=\"en_US\" \/>\n<meta property=\"og:type\" content=\"article\" \/>\n<meta property=\"og:title\" content=\"Tomate ensalada red (2 libras) - Hortaliceros de Cuscatl\u00e1n\" \/>\n<meta property=\"og:description\" content=\"Este producto y otros con venta al detalle, cuenta solo con env\u00edo gratuito por compras con monto m\u00ednimo de $20.00\" \/>\n<meta property=\"og:url\" content=\"https:\/\/hortalicerosdecuscatlan.com\/en\/product\/tomate-ensalada-red-2-libras\/\" \/>\n<meta property=\"og:site_name\" content=\"Hortaliceros de Cuscatl\u00e1n\" \/>\n<meta property=\"article:modified_time\" content=\"2025-12-06T19:43:32+00:00\" \/>\n<meta property=\"og:image\" content=\"https:\/\/hortalicerosdecuscatlan.com\/wp-content\/uploads\/2020\/04\/product-9.jpg\" \/>\n\t<meta property=\"og:image:width\" content=\"1920\" \/>\n\t<meta property=\"og:image:height\" content=\"1920\" \/>\n\t<meta property=\"og:image:type\" content=\"image\/jpeg\" \/>\n<meta name=\"twitter:card\" content=\"summary_large_image\" \/>\n<meta name=\"twitter:label1\" content=\"Est. reading time\" \/>\n\t<meta name=\"twitter:data1\" content=\"1 minute\" \/>\n<script type=\"application\/ld+json\" class=\"yoast-schema-graph\">{\"@context\":\"https:\/\/schema.org\",\"@graph\":[{\"@type\":\"WebPage\",\"@id\":\"https:\/\/hortalicerosdecuscatlan.com\/producto\/tomate-ensalada-red-2-libras\/\",\"url\":\"https:\/\/hortalicerosdecuscatlan.com\/producto\/tomate-ensalada-red-2-libras\/\",\"name\":\"Tomate ensalada red (2 libras) - Hortaliceros de Cuscatl\u00e1n\",\"isPartOf\":{\"@id\":\"https:\/\/hortalicerosdecuscatlan.com\/#website\"},\"primaryImageOfPage\":{\"@id\":\"https:\/\/hortalicerosdecuscatlan.com\/producto\/tomate-ensalada-red-2-libras\/#primaryimage\"},\"image\":{\"@id\":\"https:\/\/hortalicerosdecuscatlan.com\/producto\/tomate-ensalada-red-2-libras\/#primaryimage\"},\"thumbnailUrl\":\"https:\/\/hortalicerosdecuscatlan.com\/wp-content\/uploads\/2020\/04\/product-9.jpg\",\"datePublished\":\"2025-02-21T02:59:38+00:00\",\"dateModified\":\"2025-12-06T19:43:32+00:00\",\"breadcrumb\":{\"@id\":\"https:\/\/hortalicerosdecuscatlan.com\/producto\/tomate-ensalada-red-2-libras\/#breadcrumb\"},\"inLanguage\":\"en-US\",\"potentialAction\":[{\"@type\":\"ReadAction\",\"target\":[\"https:\/\/hortalicerosdecuscatlan.com\/producto\/tomate-ensalada-red-2-libras\/\"]}]},{\"@type\":\"ImageObject\",\"inLanguage\":\"en-US\",\"@id\":\"https:\/\/hortalicerosdecuscatlan.com\/producto\/tomate-ensalada-red-2-libras\/#primaryimage\",\"url\":\"https:\/\/hortalicerosdecuscatlan.com\/wp-content\/uploads\/2020\/04\/product-9.jpg\",\"contentUrl\":\"https:\/\/hortalicerosdecuscatlan.com\/wp-content\/uploads\/2020\/04\/product-9.jpg\",\"width\":1920,\"height\":1920},{\"@type\":\"BreadcrumbList\",\"@id\":\"https:\/\/hortalicerosdecuscatlan.com\/producto\/tomate-ensalada-red-2-libras\/#breadcrumb\",\"itemListElement\":[{\"@type\":\"ListItem\",\"position\":1,\"name\":\"Home\",\"item\":\"https:\/\/hortalicerosdecuscatlan.com\/\"},{\"@type\":\"ListItem\",\"position\":2,\"name\":\"Tienda\",\"item\":\"https:\/\/hortalicerosdecuscatlan.com\/shop\/\"},{\"@type\":\"ListItem\",\"position\":3,\"name\":\"Tomate ensalada red (2 libras)\"}]},{\"@type\":\"WebSite\",\"@id\":\"https:\/\/hortalicerosdecuscatlan.com\/#website\",\"url\":\"https:\/\/hortalicerosdecuscatlan.com\/\",\"name\":\"Hortaliceros de Cuscatl\u00e1n\",\"description\":\"Lideres en comercializaci\u00f3n de hortalizas\",\"publisher\":{\"@id\":\"https:\/\/hortalicerosdecuscatlan.com\/#organization\"},\"potentialAction\":[{\"@type\":\"SearchAction\",\"target\":{\"@type\":\"EntryPoint\",\"urlTemplate\":\"https:\/\/hortalicerosdecuscatlan.com\/?s={search_term_string}\"},\"query-input\":{\"@type\":\"PropertyValueSpecification\",\"valueRequired\":true,\"valueName\":\"search_term_string\"}}],\"inLanguage\":\"en-US\"},{\"@type\":\"Organization\",\"@id\":\"https:\/\/hortalicerosdecuscatlan.com\/#organization\",\"name\":\"Hortaliceros de Cuscatl\u00e1n\",\"url\":\"https:\/\/hortalicerosdecuscatlan.com\/\",\"logo\":{\"@type\":\"ImageObject\",\"inLanguage\":\"en-US\",\"@id\":\"https:\/\/hortalicerosdecuscatlan.com\/#\/schema\/logo\/image\/\",\"url\":\"https:\/\/hortalicerosdecuscatlan.com\/wp-content\/uploads\/2025\/02\/logo-hortaliceros-cuscatlan.png\",\"contentUrl\":\"https:\/\/hortalicerosdecuscatlan.com\/wp-content\/uploads\/2025\/02\/logo-hortaliceros-cuscatlan.png\",\"width\":354,\"height\":225,\"caption\":\"Hortaliceros de Cuscatl\u00e1n\"},\"image\":{\"@id\":\"https:\/\/hortalicerosdecuscatlan.com\/#\/schema\/logo\/image\/\"}}]}<\/script>\n<!-- \/ Yoast SEO plugin. -->","yoast_head_json":{"title":"Tomate ensalada red (2 libras) - Hortaliceros de Cuscatl\u00e1n","robots":{"index":"index","follow":"follow","max-snippet":"max-snippet:-1","max-image-preview":"max-image-preview:large","max-video-preview":"max-video-preview:-1"},"canonical":"https:\/\/hortalicerosdecuscatlan.com\/en\/product\/tomate-ensalada-red-2-libras\/","og_locale":"en_US","og_type":"article","og_title":"Tomate ensalada red (2 libras) - Hortaliceros de Cuscatl\u00e1n","og_description":"Este producto y otros con venta al detalle, cuenta solo con env\u00edo gratuito por compras con monto m\u00ednimo de $20.00","og_url":"https:\/\/hortalicerosdecuscatlan.com\/en\/product\/tomate-ensalada-red-2-libras\/","og_site_name":"Hortaliceros de Cuscatl\u00e1n","article_modified_time":"2025-12-06T19:43:32+00:00","og_image":[{"width":1920,"height":1920,"url":"https:\/\/hortalicerosdecuscatlan.com\/wp-content\/uploads\/2020\/04\/product-9.jpg","type":"image\/jpeg"}],"twitter_card":"summary_large_image","twitter_misc":{"Est. reading time":"1 minute"},"schema":{"@context":"https:\/\/schema.org","@graph":[{"@type":"WebPage","@id":"https:\/\/hortalicerosdecuscatlan.com\/producto\/tomate-ensalada-red-2-libras\/","url":"https:\/\/hortalicerosdecuscatlan.com\/producto\/tomate-ensalada-red-2-libras\/","name":"Tomate ensalada red (2 libras) - Hortaliceros de Cuscatl\u00e1n","isPartOf":{"@id":"https:\/\/hortalicerosdecuscatlan.com\/#website"},"primaryImageOfPage":{"@id":"https:\/\/hortalicerosdecuscatlan.com\/producto\/tomate-ensalada-red-2-libras\/#primaryimage"},"image":{"@id":"https:\/\/hortalicerosdecuscatlan.com\/producto\/tomate-ensalada-red-2-libras\/#primaryimage"},"thumbnailUrl":"https:\/\/hortalicerosdecuscatlan.com\/wp-content\/uploads\/2020\/04\/product-9.jpg","datePublished":"2025-02-21T02:59:38+00:00","dateModified":"2025-12-06T19:43:32+00:00","breadcrumb":{"@id":"https:\/\/hortalicerosdecuscatlan.com\/producto\/tomate-ensalada-red-2-libras\/#breadcrumb"},"inLanguage":"en-US","potentialAction":[{"@type":"ReadAction","target":["https:\/\/hortalicerosdecuscatlan.com\/producto\/tomate-ensalada-red-2-libras\/"]}]},{"@type":"ImageObject","inLanguage":"en-US","@id":"https:\/\/hortalicerosdecuscatlan.com\/producto\/tomate-ensalada-red-2-libras\/#primaryimage","url":"https:\/\/hortalicerosdecuscatlan.com\/wp-content\/uploads\/2020\/04\/product-9.jpg","contentUrl":"https:\/\/hortalicerosdecuscatlan.com\/wp-content\/uploads\/2020\/04\/product-9.jpg","width":1920,"height":1920},{"@type":"BreadcrumbList","@id":"https:\/\/hortalicerosdecuscatlan.com\/producto\/tomate-ensalada-red-2-libras\/#breadcrumb","itemListElement":[{"@type":"ListItem","position":1,"name":"Home","item":"https:\/\/hortalicerosdecuscatlan.com\/"},{"@type":"ListItem","position":2,"name":"Tienda","item":"https:\/\/hortalicerosdecuscatlan.com\/shop\/"},{"@type":"ListItem","position":3,"name":"Tomate ensalada red (2 libras)"}]},{"@type":"WebSite","@id":"https:\/\/hortalicerosdecuscatlan.com\/#website","url":"https:\/\/hortalicerosdecuscatlan.com\/","name":"Hortaliceros de Cuscatl\u00e1n","description":"Lideres en comercializaci\u00f3n de hortalizas","publisher":{"@id":"https:\/\/hortalicerosdecuscatlan.com\/#organization"},"potentialAction":[{"@type":"SearchAction","target":{"@type":"EntryPoint","urlTemplate":"https:\/\/hortalicerosdecuscatlan.com\/?s={search_term_string}"},"query-input":{"@type":"PropertyValueSpecification","valueRequired":true,"valueName":"search_term_string"}}],"inLanguage":"en-US"},{"@type":"Organization","@id":"https:\/\/hortalicerosdecuscatlan.com\/#organization","name":"Hortaliceros de Cuscatl\u00e1n","url":"https:\/\/hortalicerosdecuscatlan.com\/","logo":{"@type":"ImageObject","inLanguage":"en-US","@id":"https:\/\/hortalicerosdecuscatlan.com\/#\/schema\/logo\/image\/","url":"https:\/\/hortalicerosdecuscatlan.com\/wp-content\/uploads\/2025\/02\/logo-hortaliceros-cuscatlan.png","contentUrl":"https:\/\/hortalicerosdecuscatlan.com\/wp-content\/uploads\/2025\/02\/logo-hortaliceros-cuscatlan.png","width":354,"height":225,"caption":"Hortaliceros de Cuscatl\u00e1n"},"image":{"@id":"https:\/\/hortalicerosdecuscatlan.com\/#\/schema\/logo\/image\/"}}]}},"jetpack_sharing_enabled":true,"_links":{"self":[{"href":"https:\/\/hortalicerosdecuscatlan.com\/en\/wp-json\/wp\/v2\/product\/4370","targetHints":{"allow":["GET"]}}],"collection":[{"href":"https:\/\/hortalicerosdecuscatlan.com\/en\/wp-json\/wp\/v2\/product"}],"about":[{"href":"https:\/\/hortalicerosdecuscatlan.com\/en\/wp-json\/wp\/v2\/types\/product"}],"replies":[{"embeddable":true,"href":"https:\/\/hortalicerosdecuscatlan.com\/en\/wp-json\/wp\/v2\/comments?post=4370"}],"version-history":[{"count":5,"href":"https:\/\/hortalicerosdecuscatlan.com\/en\/wp-json\/wp\/v2\/product\/4370\/revisions"}],"predecessor-version":[{"id":5312,"href":"https:\/\/hortalicerosdecuscatlan.com\/en\/wp-json\/wp\/v2\/product\/4370\/revisions\/5312"}],"wp:featuredmedia":[{"embeddable":true,"href":"https:\/\/hortalicerosdecuscatlan.com\/en\/wp-json\/wp\/v2\/media\/468"}],"wp:attachment":[{"href":"https:\/\/hortalicerosdecuscatlan.com\/en\/wp-json\/wp\/v2\/media?parent=4370"}],"wp:term":[{"taxonomy":"product_brand","embeddable":true,"href":"https:\/\/hortalicerosdecuscatlan.com\/en\/wp-json\/wp\/v2\/product_brand?post=4370"},{"taxonomy":"product_cat","embeddable":true,"href":"https:\/\/hortalicerosdecuscatlan.com\/en\/wp-json\/wp\/v2\/product_cat?post=4370"},{"taxonomy":"product_tag","embeddable":true,"href":"https:\/\/hortalicerosdecuscatlan.com\/en\/wp-json\/wp\/v2\/product_tag?post=4370"}],"curies":[{"name":"wp","href":"https:\/\/api.w.org\/{rel}","templated":true}]}}